{"id":133,"date":"2023-03-24T10:14:11","date_gmt":"2023-03-24T07:14:11","guid":{"rendered":"https:\/\/www.arhavitso.org.tr\/arh\/?page_id=133"},"modified":"2023-03-28T16:09:17","modified_gmt":"2023-03-28T13:09:17","slug":"risk-yonetim-politikasi","status":"publish","type":"page","link":"https:\/\/www.arhavitso.org.tr\/arh\/index.php\/risk-yonetim-politikasi\/","title":{"rendered":"Risk Y\u00f6netim Politikas\u0131"},"content":{"rendered":"\n<p>Arhavi Ticaret ve Sanayi Odas\u0131 vizyon, misyon ve politikalar\u0131 do\u011frultusunda olu\u015fturulan Risk Y\u00f6netimi Politikas\u0131 ile Odam\u0131z\u0131n varl\u0131klar\u0131n\u0131n ve de\u011ferlerinin korunmas\u0131, risklerin bertaraf edilmesi ile birlikte yasal gerekler do\u011frultusunda hareket etmeyi, i\u00e7 ve d\u0131\u015f payda\u015flar\u0131n g\u00fcvenini kazanmay\u0131 ve s\u00fcrekli iyile\u015fmeyi ama\u00e7l\u0131yoruz.<\/p>\n\n\n\n<p>Bu ama\u00e7 do\u011frultusunda;<\/p>\n\n\n\n<ul>\n<li><em>Varl\u0131klar\u0131n de\u011ferlerinin korunmas\u0131, operasyonel g\u00fcvenlik ve s\u00fcrd\u00fcr\u00fclebilirlik esaslar\u0131na dayanan, stratejik hedeflere uyumlu bir risk y\u00f6netim sistemi olu\u015fturulmas\u0131 ve uygulanmas\u0131n\u0131,<\/em><\/li>\n\n\n\n<li>Odam\u0131z\u0131n varl\u0131\u011f\u0131n\u0131, geli\u015fmesini ve devam\u0131n\u0131 tehlikeye d\u00fc\u015f\u00fcrebilecek risklerin te\u015fhisini,<\/li>\n\n\n\n<li>Tespit edilen risklerle ilgili gerekli \u00f6nlemlerin uygulanmas\u0131 ve riskin y\u00f6netilmesini,<\/li>\n\n\n\n<li>Odam\u0131z\u0131n etkinli\u011fini art\u0131rabilecek f\u0131rsatlar\u0131n belirlenmesini,<\/li>\n\n\n\n<li>Hedeflerimiz \u00fczerindeki belirsizlik etkisi olarak tan\u0131mlad\u0131\u011f\u0131m\u0131z risk ve f\u0131rsatlar\u0131m\u0131z\u0131 t\u00fcm s\u00fcre\u00e7lerimizin bir par\u00e7as\u0131 g\u00f6rerek etkin bir \u015fekilde y\u00f6netilmesini,<\/li>\n\n\n\n<li><em>Gerekli faaliyet planlar\u0131n\u0131n \u00f6nceden olu\u015fturulmas\u0131 ve s\u00fcrekli iyile\u015ftirilmesini, &nbsp;<\/em><\/li>\n\n\n\n<li>Belli periyotlarda raporlamalar yap\u0131lmas\u0131n\u0131,<\/li>\n\n\n\n<li>Risk Komitesinin haz\u0131rlad\u0131\u011f\u0131 raporlar ile performans \u00f6l\u00e7\u00fcm\u00fc yap\u0131lmas\u0131n\u0131,<\/li>\n\n\n\n<li>Etik ilkelere ba\u011fl\u0131 kal\u0131nmas\u0131n\u0131,<\/li>\n\n\n\n<li>\u00dcst y\u00f6netimin gerekli alt yap\u0131 ve kayna\u011f\u0131 sa\u011flamas\u0131n\u0131,<\/li>\n\n\n\n<li>Risk y\u00f6netimi ile ilgili sorumluluklar\u0131n tan\u0131mlanmas\u0131 ve payda\u015flar\u0131n fark\u0131ndal\u0131\u011f\u0131n\u0131 art\u0131rmaya y\u00f6nelik faaliyetler yap\u0131lmas\u0131n\u0131 taahh\u00fct ediyoruz.<\/li>\n<\/ul>\n","protected":false},"excerpt":{"rendered":"<p>Arhavi Ticaret ve Sanayi Odas\u0131 vizyon, misyon ve politikalar\u0131 do\u011frultusunda olu\u015fturulan Risk Y\u00f6netimi Politikas\u0131 ile Odam\u0131z\u0131n varl\u0131klar\u0131n\u0131n ve de\u011ferlerinin korunmas\u0131,<\/p>\n","protected":false},"author":2,"featured_media":0,"parent":0,"menu_order":0,"comment_status":"closed","ping_status":"closed","template":"","meta":[],"_links":{"self":[{"href":"https:\/\/www.arhavitso.org.tr\/arh\/index.php\/wp-json\/wp\/v2\/pages\/133"}],"collection":[{"href":"https:\/\/www.arhavitso.org.tr\/arh\/index.php\/wp-json\/wp\/v2\/pages"}],"about":[{"href":"https:\/\/www.arhavitso.org.tr\/arh\/index.php\/wp-json\/wp\/v2\/types\/page"}],"author":[{"embeddable":true,"href":"https:\/\/www.arhavitso.org.tr\/arh\/index.php\/wp-json\/wp\/v2\/users\/2"}],"replies":[{"embeddable":true,"href":"https:\/\/www.arhavitso.org.tr\/arh\/index.php\/wp-json\/wp\/v2\/comments?post=133"}],"version-history":[{"count":2,"href":"https:\/\/www.arhavitso.org.tr\/arh\/index.php\/wp-json\/wp\/v2\/pages\/133\/revisions"}],"predecessor-version":[{"id":474,"href":"https:\/\/www.arhavitso.org.tr\/arh\/index.php\/wp-json\/wp\/v2\/pages\/133\/revisions\/474"}],"wp:attachment":[{"href":"https:\/\/www.arhavitso.org.tr\/arh\/index.php\/wp-json\/wp\/v2\/media?parent=133"}],"curies":[{"name":"wp","href":"https:\/\/api.w.org\/{rel}","templated":true}]}}