{"id":1683,"date":"2025-01-02T14:33:08","date_gmt":"2025-01-02T11:33:08","guid":{"rendered":"https:\/\/www.arhavitso.org.tr\/arh\/?page_id=1683"},"modified":"2025-01-03T13:56:27","modified_gmt":"2025-01-03T10:56:27","slug":"anonim-sirketler","status":"publish","type":"page","link":"https:\/\/www.arhavitso.org.tr\/arh\/index.php\/anonim-sirketler\/","title":{"rendered":"ANON\u0130M \u015e\u0130RKETLER"},"content":{"rendered":"\n<p>De\u011ferli \u00fcyelerimiz; Anonim \u015firketler ile ilgili <strong>en \u00e7ok ger\u00e7ekle\u015ftirilen i\u015flemler<\/strong> bir sonra ki sekmede s\u0131ralanm\u0131\u015ft\u0131r. Gerekli olan yaz\u0131l\u0131 dilek\u00e7elere <strong>&#8216;Dilek\u00e7eler&#8217; <\/strong>butonundan ula\u015fabilir, daha detayl\u0131 bilgi edinmek i\u00e7in <strong>&#8216;Tescil \u0130\u015flemi \u0130\u00e7in Gereklilikler&#8217; <\/strong>butonundan faydalanabilirsiniz.<\/p>\n","protected":false},"excerpt":{"rendered":"<p>De\u011ferli \u00fcyelerimiz; Anonim \u015firketler ile ilgili en \u00e7ok ger\u00e7ekle\u015ftirilen i\u015flemler bir sonra ki sekmede s\u0131ralanm\u0131\u015ft\u0131r. Gerekli olan yaz\u0131l\u0131 dilek\u00e7elere &#8216;Dilek\u00e7eler&#8217;<\/p>\n","protected":false},"author":2,"featured_media":0,"parent":0,"menu_order":0,"comment_status":"closed","ping_status":"closed","template":"","meta":[],"_links":{"self":[{"href":"https:\/\/www.arhavitso.org.tr\/arh\/index.php\/wp-json\/wp\/v2\/pages\/1683"}],"collection":[{"href":"https:\/\/www.arhavitso.org.tr\/arh\/index.php\/wp-json\/wp\/v2\/pages"}],"about":[{"href":"https:\/\/www.arhavitso.org.tr\/arh\/index.php\/wp-json\/wp\/v2\/types\/page"}],"author":[{"embeddable":true,"href":"https:\/\/www.arhavitso.org.tr\/arh\/index.php\/wp-json\/wp\/v2\/users\/2"}],"replies":[{"embeddable":true,"href":"https:\/\/www.arhavitso.org.tr\/arh\/index.php\/wp-json\/wp\/v2\/comments?post=1683"}],"version-history":[{"count":2,"href":"https:\/\/www.arhavitso.org.tr\/arh\/index.php\/wp-json\/wp\/v2\/pages\/1683\/revisions"}],"predecessor-version":[{"id":1843,"href":"https:\/\/www.arhavitso.org.tr\/arh\/index.php\/wp-json\/wp\/v2\/pages\/1683\/revisions\/1843"}],"wp:attachment":[{"href":"https:\/\/www.arhavitso.org.tr\/arh\/index.php\/wp-json\/wp\/v2\/media?parent=1683"}],"curies":[{"name":"wp","href":"https:\/\/api.w.org\/{rel}","templated":true}]}}