{"id":1697,"date":"2025-01-02T15:21:31","date_gmt":"2025-01-02T12:21:31","guid":{"rendered":"https:\/\/www.arhavitso.org.tr\/arh\/?page_id=1697"},"modified":"2025-01-02T15:22:30","modified_gmt":"2025-01-02T12:22:30","slug":"adres-degisikligi","status":"publish","type":"page","link":"https:\/\/www.arhavitso.org.tr\/arh\/index.php\/adres-degisikligi\/","title":{"rendered":"Adres De\u011fi\u015fikli\u011fi"},"content":{"rendered":"\n<p>*Adres de\u011fi\u015fikli olmas\u0131 halinde, e\u011fer adres Numarataj \u015eube M\u00fcd\u00fcrl\u00fc\u011f\u00fc taraf\u0131ndan de\u011fi\u015ftirilmi\u015f ise; Numarataj \u015eube M\u00fcd\u00fcrl\u00fc\u011f\u00fc \u00fcst yaz\u0131s\u0131 asl\u0131n\u0131n getirilmesi yeterli olup ayr\u0131ca bu y\u00f6nde bir karar al\u0131nmas\u0131na gerek yoktur.<\/p>\n\n\n\n<ul>\n<li>M\u00fcd\u00fcrl\u00fc\u011f\u00fcm\u00fcze Hitaben Dilek\u00e7e (\u0130mza yetkilisi y\u00f6netim organ\u0131 taraf\u0131ndan imzalanm\u0131\u015f. M\u00fc\u015fterek yetki olmas\u0131 halinde m\u00fc\u015fterek imzal\u0131)<\/li>\n\n\n\n<li>Y\u00f6netim Kurulu Karar\u0131 (Noter Tasdikli)<\/li>\n<\/ul>\n","protected":false},"excerpt":{"rendered":"<p>*Adres de\u011fi\u015fikli olmas\u0131 halinde, e\u011fer adres Numarataj \u015eube M\u00fcd\u00fcrl\u00fc\u011f\u00fc taraf\u0131ndan de\u011fi\u015ftirilmi\u015f ise; Numarataj \u015eube M\u00fcd\u00fcrl\u00fc\u011f\u00fc \u00fcst yaz\u0131s\u0131 asl\u0131n\u0131n getirilmesi yeterli<\/p>\n","protected":false},"author":2,"featured_media":0,"parent":0,"menu_order":0,"comment_status":"closed","ping_status":"closed","template":"","meta":[],"_links":{"self":[{"href":"https:\/\/www.arhavitso.org.tr\/arh\/index.php\/wp-json\/wp\/v2\/pages\/1697"}],"collection":[{"href":"https:\/\/www.arhavitso.org.tr\/arh\/index.php\/wp-json\/wp\/v2\/pages"}],"about":[{"href":"https:\/\/www.arhavitso.org.tr\/arh\/index.php\/wp-json\/wp\/v2\/types\/page"}],"author":[{"embeddable":true,"href":"https:\/\/www.arhavitso.org.tr\/arh\/index.php\/wp-json\/wp\/v2\/users\/2"}],"replies":[{"embeddable":true,"href":"https:\/\/www.arhavitso.org.tr\/arh\/index.php\/wp-json\/wp\/v2\/comments?post=1697"}],"version-history":[{"count":2,"href":"https:\/\/www.arhavitso.org.tr\/arh\/index.php\/wp-json\/wp\/v2\/pages\/1697\/revisions"}],"predecessor-version":[{"id":1701,"href":"https:\/\/www.arhavitso.org.tr\/arh\/index.php\/wp-json\/wp\/v2\/pages\/1697\/revisions\/1701"}],"wp:attachment":[{"href":"https:\/\/www.arhavitso.org.tr\/arh\/index.php\/wp-json\/wp\/v2\/media?parent=1697"}],"curies":[{"name":"wp","href":"https:\/\/api.w.org\/{rel}","templated":true}]}}