{"id":1744,"date":"2025-01-02T15:50:04","date_gmt":"2025-01-02T12:50:04","guid":{"rendered":"https:\/\/www.arhavitso.org.tr\/arh\/?page_id=1744"},"modified":"2025-01-03T13:41:58","modified_gmt":"2025-01-03T10:41:58","slug":"tasfiyeden-donus","status":"publish","type":"page","link":"https:\/\/www.arhavitso.org.tr\/arh\/index.php\/tasfiyeden-donus\/","title":{"rendered":"Tasfiyeden D\u00f6n\u00fc\u015f"},"content":{"rendered":"\n<ul>\n<li>Ticaret Sicili M\u00fcd\u00fcrl\u00fc\u011f\u00fc dilek\u00e7e<\/li>\n\n\n\n<li>Oda Sicil M\u00fcd\u00fcrl\u00fc\u011f\u00fc dilek\u00e7e<\/li>\n\n\n\n<li>G\u00fcndemi olu\u015fturan Y\u00f6netim kurulu karar\u0131 (noter onayl\u0131)<\/li>\n\n\n\n<li>Noter Onayl\u0131 Genel Kurul Karar\u0131<\/li>\n\n\n\n<li>Hazirun Listesi<\/li>\n\n\n\n<li>\u015eirketin malvarl\u0131\u011f\u0131n\u0131n ortaklar aras\u0131nda <strong><u>da\u011f\u0131t\u0131m\u0131na hen\u00fcz ba\u015flanmad\u0131\u011f\u0131na<\/u><\/strong> dair tasfiye memurlar\u0131 taraf\u0131ndan haz\u0131rlanan rapor.<\/li>\n<\/ul>\n","protected":false},"excerpt":{"rendered":"","protected":false},"author":2,"featured_media":0,"parent":0,"menu_order":0,"comment_status":"closed","ping_status":"closed","template":"","meta":[],"_links":{"self":[{"href":"https:\/\/www.arhavitso.org.tr\/arh\/index.php\/wp-json\/wp\/v2\/pages\/1744"}],"collection":[{"href":"https:\/\/www.arhavitso.org.tr\/arh\/index.php\/wp-json\/wp\/v2\/pages"}],"about":[{"href":"https:\/\/www.arhavitso.org.tr\/arh\/index.php\/wp-json\/wp\/v2\/types\/page"}],"author":[{"embeddable":true,"href":"https:\/\/www.arhavitso.org.tr\/arh\/index.php\/wp-json\/wp\/v2\/users\/2"}],"replies":[{"embeddable":true,"href":"https:\/\/www.arhavitso.org.tr\/arh\/index.php\/wp-json\/wp\/v2\/comments?post=1744"}],"version-history":[{"count":2,"href":"https:\/\/www.arhavitso.org.tr\/arh\/index.php\/wp-json\/wp\/v2\/pages\/1744\/revisions"}],"predecessor-version":[{"id":1777,"href":"https:\/\/www.arhavitso.org.tr\/arh\/index.php\/wp-json\/wp\/v2\/pages\/1744\/revisions\/1777"}],"wp:attachment":[{"href":"https:\/\/www.arhavitso.org.tr\/arh\/index.php\/wp-json\/wp\/v2\/media?parent=1744"}],"curies":[{"name":"wp","href":"https:\/\/api.w.org\/{rel}","templated":true}]}}