{"id":331,"date":"2023-03-27T14:16:09","date_gmt":"2023-03-27T11:16:09","guid":{"rendered":"https:\/\/www.arhavitso.org.tr\/arh\/?page_id=331"},"modified":"2023-12-27T11:03:11","modified_gmt":"2023-12-27T08:03:11","slug":"anonim-sirket","status":"publish","type":"page","link":"https:\/\/www.arhavitso.org.tr\/arh\/index.php\/anonim-sirket\/","title":{"rendered":"Anonim \u015eirket"},"content":{"rendered":"\n<p class=\"has-medium-font-size\"><strong>Karar \u00f6rnekleri i\u00e7in<em> <\/em><\/strong><em>kutu \u00fczerine <\/em><em>t\u0131klay\u0131n\u0131z<\/em> ..<\/p>\n\n\n\n<div class=\"wp-block-file\"><a id=\"wp-block-file--media-82284288-7bba-4aef-b17c-03ae13ddac01\" href=\"https:\/\/www.arhavitso.org.tr\/arh\/wp-content\/uploads\/2023\/03\/A.S-ADRES-DEGISIKLIGI-KARARI-1.docx\"><img decoding=\"async\" loading=\"lazy\" width=\"751\" height=\"233\" class=\"wp-image-1166\" style=\"width: 150px;\" src=\"https:\/\/www.arhavitso.org.tr\/arh\/wp-content\/uploads\/2023\/12\/QQQQQ.jpg\" alt=\"\" srcset=\"https:\/\/www.arhavitso.org.tr\/arh\/wp-content\/uploads\/2023\/12\/QQQQQ.jpg 751w, https:\/\/www.arhavitso.org.tr\/arh\/wp-content\/uploads\/2023\/12\/QQQQQ-300x93.jpg 300w\" sizes=\"(max-width: 751px) 100vw, 751px\" \/><\/a><\/div>\n\n\n\n<div class=\"wp-block-file\"><a id=\"wp-block-file--media-18fe6978-1571-4556-8f1f-fb9c20a533db\" href=\"https:\/\/www.arhavitso.org.tr\/arh\/wp-content\/uploads\/2023\/03\/A.S-AMAC-KONU-DEGISIKLIGI-KARARI.docx\"><img decoding=\"async\" loading=\"lazy\" width=\"751\" height=\"234\" class=\"wp-image-1168\" style=\"width: 150px;\" src=\"https:\/\/www.arhavitso.org.tr\/arh\/wp-content\/uploads\/2023\/12\/AAA.jpg\" alt=\"\" srcset=\"https:\/\/www.arhavitso.org.tr\/arh\/wp-content\/uploads\/2023\/12\/AAA.jpg 751w, https:\/\/www.arhavitso.org.tr\/arh\/wp-content\/uploads\/2023\/12\/AAA-300x93.jpg 300w\" sizes=\"(max-width: 751px) 100vw, 751px\" \/><\/a><\/div>\n\n\n\n<div class=\"wp-block-file\"><a id=\"wp-block-file--media-d694cddb-2f89-49ee-a41f-ccf755ed06e3\" href=\"https:\/\/www.arhavitso.org.tr\/arh\/wp-content\/uploads\/2023\/03\/A.S-GUNDEM-KARARI.doc\"><img decoding=\"async\" loading=\"lazy\" width=\"751\" height=\"232\" class=\"wp-image-1169\" style=\"width: 150px;\" src=\"https:\/\/www.arhavitso.org.tr\/arh\/wp-content\/uploads\/2023\/12\/QQQ.jpg\" alt=\"\" srcset=\"https:\/\/www.arhavitso.org.tr\/arh\/wp-content\/uploads\/2023\/12\/QQQ.jpg 751w, https:\/\/www.arhavitso.org.tr\/arh\/wp-content\/uploads\/2023\/12\/QQQ-300x93.jpg 300w\" sizes=\"(max-width: 751px) 100vw, 751px\" \/><\/a><\/div>\n\n\n\n<div class=\"wp-block-file\"><a id=\"wp-block-file--media-cd4def1a-2114-4e80-8b4b-dc30c1f4de43\" href=\"https:\/\/www.arhavitso.org.tr\/arh\/wp-content\/uploads\/2023\/03\/A.S-HISSE-DEVRI-KARARI.docx\"><img decoding=\"async\" loading=\"lazy\" width=\"747\" height=\"232\" class=\"wp-image-1170\" style=\"width: 150px;\" src=\"https:\/\/www.arhavitso.org.tr\/arh\/wp-content\/uploads\/2023\/12\/DDDDD-2.jpg\" alt=\"\" srcset=\"https:\/\/www.arhavitso.org.tr\/arh\/wp-content\/uploads\/2023\/12\/DDDDD-2.jpg 747w, https:\/\/www.arhavitso.org.tr\/arh\/wp-content\/uploads\/2023\/12\/DDDDD-2-300x93.jpg 300w\" sizes=\"(max-width: 747px) 100vw, 747px\" \/><\/a><\/div>\n\n\n\n<div class=\"wp-block-file\"><a id=\"wp-block-file--media-b2a1c55a-7a2b-4ef1-add4-e222a7f17822\" href=\"https:\/\/www.arhavitso.org.tr\/arh\/wp-content\/uploads\/2023\/03\/A.S-INTERNET-SITESI-TESCILI-KARARI.docx\"><img decoding=\"async\" loading=\"lazy\" width=\"756\" height=\"233\" class=\"wp-image-1171\" style=\"width: 150px;\" src=\"https:\/\/www.arhavitso.org.tr\/arh\/wp-content\/uploads\/2023\/12\/VVVVVV.jpg\" alt=\"\" srcset=\"https:\/\/www.arhavitso.org.tr\/arh\/wp-content\/uploads\/2023\/12\/VVVVVV.jpg 756w, https:\/\/www.arhavitso.org.tr\/arh\/wp-content\/uploads\/2023\/12\/VVVVVV-300x92.jpg 300w\" sizes=\"(max-width: 756px) 100vw, 756px\" \/><\/a><\/div>\n\n\n\n<div class=\"wp-block-file\"><a id=\"wp-block-file--media-fb02534b-ccca-4158-8733-599458b3028b\" href=\"https:\/\/www.arhavitso.org.tr\/arh\/wp-content\/uploads\/2023\/03\/A.S-MERKEZ-NAKLI-KARARI.docx\"><img decoding=\"async\" loading=\"lazy\" width=\"753\" height=\"237\" class=\"wp-image-1172\" style=\"width: 150px;\" src=\"https:\/\/www.arhavitso.org.tr\/arh\/wp-content\/uploads\/2023\/12\/CSCS.jpg\" alt=\"\" srcset=\"https:\/\/www.arhavitso.org.tr\/arh\/wp-content\/uploads\/2023\/12\/CSCS.jpg 753w, https:\/\/www.arhavitso.org.tr\/arh\/wp-content\/uploads\/2023\/12\/CSCS-300x94.jpg 300w\" sizes=\"(max-width: 753px) 100vw, 753px\" \/><\/a><\/div>\n\n\n\n<div class=\"wp-block-file\"><a id=\"wp-block-file--media-d33dabb9-45c4-454c-b230-2376fd4da6f8\" href=\"https:\/\/www.arhavitso.org.tr\/arh\/wp-content\/uploads\/2023\/03\/A.S-SERMAYE-ARTTIRIMI-KARARI.docx\"><img decoding=\"async\" loading=\"lazy\" width=\"749\" height=\"243\" class=\"wp-image-1173\" style=\"width: 150px;\" src=\"https:\/\/www.arhavitso.org.tr\/arh\/wp-content\/uploads\/2023\/12\/YYYY.jpg\" alt=\"\" srcset=\"https:\/\/www.arhavitso.org.tr\/arh\/wp-content\/uploads\/2023\/12\/YYYY.jpg 749w, https:\/\/www.arhavitso.org.tr\/arh\/wp-content\/uploads\/2023\/12\/YYYY-300x97.jpg 300w\" sizes=\"(max-width: 749px) 100vw, 749px\" \/><\/a><\/div>\n\n\n\n<div class=\"wp-block-file\"><a id=\"wp-block-file--media-721737b7-7e11-412f-a6a7-2a522aa4a562\" href=\"https:\/\/www.arhavitso.org.tr\/arh\/wp-content\/uploads\/2023\/03\/A.S-SERMAYE-AZALTIMI-KARARI.docx\"><img decoding=\"async\" loading=\"lazy\" width=\"747\" height=\"233\" class=\"wp-image-1174\" style=\"width: 150px;\" src=\"https:\/\/www.arhavitso.org.tr\/arh\/wp-content\/uploads\/2023\/12\/JJJ.jpg\" alt=\"\" srcset=\"https:\/\/www.arhavitso.org.tr\/arh\/wp-content\/uploads\/2023\/12\/JJJ.jpg 747w, https:\/\/www.arhavitso.org.tr\/arh\/wp-content\/uploads\/2023\/12\/JJJ-300x94.jpg 300w\" sizes=\"(max-width: 747px) 100vw, 747px\" \/><\/a><\/div>\n\n\n\n<div class=\"wp-block-file\"><a id=\"wp-block-file--media-047ae088-7b8d-4454-94ce-972906e9ec1c\" href=\"https:\/\/www.arhavitso.org.tr\/arh\/wp-content\/uploads\/2023\/03\/A.S-SUBE-ACILIS-KARARI.docx\"><img decoding=\"async\" loading=\"lazy\" width=\"747\" height=\"233\" class=\"wp-image-1177\" style=\"width: 150px;\" src=\"https:\/\/www.arhavitso.org.tr\/arh\/wp-content\/uploads\/2023\/12\/LOLOLOLOL.jpg\" alt=\"\" srcset=\"https:\/\/www.arhavitso.org.tr\/arh\/wp-content\/uploads\/2023\/12\/LOLOLOLOL.jpg 747w, https:\/\/www.arhavitso.org.tr\/arh\/wp-content\/uploads\/2023\/12\/LOLOLOLOL-300x94.jpg 300w\" sizes=\"(max-width: 747px) 100vw, 747px\" \/><\/a><\/div>\n\n\n\n<div class=\"wp-block-file\"><a id=\"wp-block-file--media-e28406bd-e701-4a09-9624-5fa7cae92eb9\" href=\"https:\/\/www.arhavitso.org.tr\/arh\/wp-content\/uploads\/2023\/03\/A.S-SUBE-KAPANIS-KARARI.docx\"><img decoding=\"async\" loading=\"lazy\" width=\"752\" height=\"231\" class=\"wp-image-1178\" style=\"width: 150px;\" src=\"https:\/\/www.arhavitso.org.tr\/arh\/wp-content\/uploads\/2023\/12\/KKKKKK.jpg\" alt=\"\" srcset=\"https:\/\/www.arhavitso.org.tr\/arh\/wp-content\/uploads\/2023\/12\/KKKKKK.jpg 752w, https:\/\/www.arhavitso.org.tr\/arh\/wp-content\/uploads\/2023\/12\/KKKKKK-300x92.jpg 300w\" sizes=\"(max-width: 752px) 100vw, 752px\" \/><\/a><\/div>\n\n\n\n<div class=\"wp-block-file\"><a id=\"wp-block-file--media-a81c174d-1e24-488f-bea1-1dd8427cc976\" href=\"https:\/\/www.arhavitso.org.tr\/arh\/wp-content\/uploads\/2023\/03\/A.S-TEK-PAY-SAHIPLIGI-KARARI.docx\"><img decoding=\"async\" loading=\"lazy\" width=\"753\" height=\"238\" class=\"wp-image-1179\" style=\"width: 150px;\" src=\"https:\/\/www.arhavitso.org.tr\/arh\/wp-content\/uploads\/2023\/12\/KKKKKKKKKKKK.jpg\" alt=\"\" srcset=\"https:\/\/www.arhavitso.org.tr\/arh\/wp-content\/uploads\/2023\/12\/KKKKKKKKKKKK.jpg 753w, https:\/\/www.arhavitso.org.tr\/arh\/wp-content\/uploads\/2023\/12\/KKKKKKKKKKKK-300x95.jpg 300w\" sizes=\"(max-width: 753px) 100vw, 753px\" \/><\/a><\/div>\n\n\n\n<div class=\"wp-block-file\"><a id=\"wp-block-file--media-4ca7fa31-f12b-47df-97ca-4d99cfc61702\" href=\"https:\/\/www.arhavitso.org.tr\/arh\/wp-content\/uploads\/2023\/03\/A.S-YONETIM-KURULU-UYESININ-ISTIFASI-VE-YENI-UYE-ATANMASI-KARARI.docx\"><img decoding=\"async\" loading=\"lazy\" width=\"754\" height=\"236\" class=\"wp-image-1181\" style=\"width: 150px;\" src=\"https:\/\/www.arhavitso.org.tr\/arh\/wp-content\/uploads\/2023\/12\/YKYKYKYKY.jpg\" alt=\"\" srcset=\"https:\/\/www.arhavitso.org.tr\/arh\/wp-content\/uploads\/2023\/12\/YKYKYKYKY.jpg 754w, https:\/\/www.arhavitso.org.tr\/arh\/wp-content\/uploads\/2023\/12\/YKYKYKYKY-300x94.jpg 300w\" sizes=\"(max-width: 754px) 100vw, 754px\" \/><\/a><\/div>\n\n\n\n<div class=\"wp-block-file\"><a id=\"wp-block-file--media-2ae8a247-52ad-422c-847c-394e6847fe2e\" href=\"https:\/\/www.arhavitso.org.tr\/arh\/wp-content\/uploads\/2023\/03\/A.S.-GOREV-DAGILIMI-KARARI.docx\"><img decoding=\"async\" loading=\"lazy\" width=\"750\" height=\"236\" class=\"wp-image-1183\" style=\"width: 150px;\" src=\"https:\/\/www.arhavitso.org.tr\/arh\/wp-content\/uploads\/2023\/12\/FRFRRRFR.jpg\" alt=\"\" srcset=\"https:\/\/www.arhavitso.org.tr\/arh\/wp-content\/uploads\/2023\/12\/FRFRRRFR.jpg 750w, https:\/\/www.arhavitso.org.tr\/arh\/wp-content\/uploads\/2023\/12\/FRFRRRFR-300x94.jpg 300w\" sizes=\"(max-width: 750px) 100vw, 750px\" \/><\/a><\/div>\n\n\n\n<div class=\"wp-block-file\"><a id=\"wp-block-file--media-e99c8a62-f2e3-45f9-a23a-00a446c1be0c\" href=\"https:\/\/www.arhavitso.org.tr\/arh\/wp-content\/uploads\/2023\/03\/A.S.-TADIL-METNI.doc\"><img decoding=\"async\" loading=\"lazy\" width=\"749\" height=\"235\" class=\"wp-image-1184\" style=\"width: 150px;\" src=\"https:\/\/www.arhavitso.org.tr\/arh\/wp-content\/uploads\/2023\/12\/QQQQQQQQQQQQQQQ.jpg\" alt=\"\" srcset=\"https:\/\/www.arhavitso.org.tr\/arh\/wp-content\/uploads\/2023\/12\/QQQQQQQQQQQQQQQ.jpg 749w, https:\/\/www.arhavitso.org.tr\/arh\/wp-content\/uploads\/2023\/12\/QQQQQQQQQQQQQQQ-300x94.jpg 300w\" sizes=\"(max-width: 749px) 100vw, 749px\" \/><\/a><\/div>\n\n\n\n<div class=\"wp-block-file\"><a id=\"wp-block-file--media-602d5abd-bba0-448c-b8e4-41b88d961d9b\" href=\"https:\/\/www.arhavitso.org.tr\/arh\/wp-content\/uploads\/2023\/03\/A.S.-TASFIYEYE-GIRIS-KARARI.docx\"><img decoding=\"async\" loading=\"lazy\" width=\"750\" height=\"238\" class=\"wp-image-1186\" style=\"width: 150px;\" src=\"https:\/\/www.arhavitso.org.tr\/arh\/wp-content\/uploads\/2023\/12\/WWWWWWWWWWWW.jpg\" alt=\"\" srcset=\"https:\/\/www.arhavitso.org.tr\/arh\/wp-content\/uploads\/2023\/12\/WWWWWWWWWWWW.jpg 750w, https:\/\/www.arhavitso.org.tr\/arh\/wp-content\/uploads\/2023\/12\/WWWWWWWWWWWW-300x95.jpg 300w\" sizes=\"(max-width: 750px) 100vw, 750px\" \/><\/a><\/div>\n\n\n\n<div class=\"wp-block-file\"><a id=\"wp-block-file--media-3beaea4e-8bba-4012-8bb1-69d75db59c62\" href=\"https:\/\/www.arhavitso.org.tr\/arh\/wp-content\/uploads\/2023\/03\/A.S.-TASFIYE-SONU-KAPANIS-KARARI.docx\"><img decoding=\"async\" loading=\"lazy\" width=\"752\" height=\"243\" class=\"wp-image-1185\" style=\"width: 150px;\" src=\"https:\/\/www.arhavitso.org.tr\/arh\/wp-content\/uploads\/2023\/12\/WWWWWW-1.jpg\" alt=\"\" srcset=\"https:\/\/www.arhavitso.org.tr\/arh\/wp-content\/uploads\/2023\/12\/WWWWWW-1.jpg 752w, https:\/\/www.arhavitso.org.tr\/arh\/wp-content\/uploads\/2023\/12\/WWWWWW-1-300x97.jpg 300w\" sizes=\"(max-width: 752px) 100vw, 752px\" \/><\/a><\/div>\n","protected":false},"excerpt":{"rendered":"<p>Karar \u00f6rnekleri i\u00e7in kutu \u00fczerine t\u0131klay\u0131n\u0131z ..<\/p>\n","protected":false},"author":2,"featured_media":0,"parent":0,"menu_order":0,"comment_status":"closed","ping_status":"closed","template":"","meta":[],"_links":{"self":[{"href":"https:\/\/www.arhavitso.org.tr\/arh\/index.php\/wp-json\/wp\/v2\/pages\/331"}],"collection":[{"href":"https:\/\/www.arhavitso.org.tr\/arh\/index.php\/wp-json\/wp\/v2\/pages"}],"about":[{"href":"https:\/\/www.arhavitso.org.tr\/arh\/index.php\/wp-json\/wp\/v2\/types\/page"}],"author":[{"embeddable":true,"href":"https:\/\/www.arhavitso.org.tr\/arh\/index.php\/wp-json\/wp\/v2\/users\/2"}],"replies":[{"embeddable":true,"href":"https:\/\/www.arhavitso.org.tr\/arh\/index.php\/wp-json\/wp\/v2\/comments?post=331"}],"version-history":[{"count":7,"href":"https:\/\/www.arhavitso.org.tr\/arh\/index.php\/wp-json\/wp\/v2\/pages\/331\/revisions"}],"predecessor-version":[{"id":1187,"href":"https:\/\/www.arhavitso.org.tr\/arh\/index.php\/wp-json\/wp\/v2\/pages\/331\/revisions\/1187"}],"wp:attachment":[{"href":"https:\/\/www.arhavitso.org.tr\/arh\/index.php\/wp-json\/wp\/v2\/media?parent=331"}],"curies":[{"name":"wp","href":"https:\/\/api.w.org\/{rel}","templated":true}]}}