{"id":412,"date":"2023-03-28T09:16:06","date_gmt":"2023-03-28T06:16:06","guid":{"rendered":"https:\/\/www.arhavitso.org.tr\/arh\/?page_id=412"},"modified":"2023-03-28T09:25:52","modified_gmt":"2023-03-28T06:25:52","slug":"baskan-atif-kesimin-mesaji","status":"publish","type":"page","link":"https:\/\/www.arhavitso.org.tr\/arh\/index.php\/baskan-atif-kesimin-mesaji\/","title":{"rendered":"Ba\u015fkan At\u0131f Kesim&#8217;in Mesaj\u0131"},"content":{"rendered":"\n<figure class=\"wp-block-image size-large\"><img decoding=\"async\" loading=\"lazy\" width=\"724\" height=\"1024\" src=\"https:\/\/www.arhavitso.org.tr\/arh\/wp-content\/uploads\/2023\/03\/BASKANIMIZIN-MESAJI-724x1024.png\" alt=\"\" class=\"wp-image-425\" srcset=\"https:\/\/www.arhavitso.org.tr\/arh\/wp-content\/uploads\/2023\/03\/BASKANIMIZIN-MESAJI-724x1024.png 724w, https:\/\/www.arhavitso.org.tr\/arh\/wp-content\/uploads\/2023\/03\/BASKANIMIZIN-MESAJI-212x300.png 212w, https:\/\/www.arhavitso.org.tr\/arh\/wp-content\/uploads\/2023\/03\/BASKANIMIZIN-MESAJI-768x1086.png 768w, https:\/\/www.arhavitso.org.tr\/arh\/wp-content\/uploads\/2023\/03\/BASKANIMIZIN-MESAJI-1086x1536.png 1086w, https:\/\/www.arhavitso.org.tr\/arh\/wp-content\/uploads\/2023\/03\/BASKANIMIZIN-MESAJI.png 1414w\" sizes=\"(max-width: 724px) 100vw, 724px\" \/><\/figure>\n","protected":false},"excerpt":{"rendered":"","protected":false},"author":2,"featured_media":0,"parent":0,"menu_order":0,"comment_status":"closed","ping_status":"closed","template":"","meta":[],"_links":{"self":[{"href":"https:\/\/www.arhavitso.org.tr\/arh\/index.php\/wp-json\/wp\/v2\/pages\/412"}],"collection":[{"href":"https:\/\/www.arhavitso.org.tr\/arh\/index.php\/wp-json\/wp\/v2\/pages"}],"about":[{"href":"https:\/\/www.arhavitso.org.tr\/arh\/index.php\/wp-json\/wp\/v2\/types\/page"}],"author":[{"embeddable":true,"href":"https:\/\/www.arhavitso.org.tr\/arh\/index.php\/wp-json\/wp\/v2\/users\/2"}],"replies":[{"embeddable":true,"href":"https:\/\/www.arhavitso.org.tr\/arh\/index.php\/wp-json\/wp\/v2\/comments?post=412"}],"version-history":[{"count":2,"href":"https:\/\/www.arhavitso.org.tr\/arh\/index.php\/wp-json\/wp\/v2\/pages\/412\/revisions"}],"predecessor-version":[{"id":426,"href":"https:\/\/www.arhavitso.org.tr\/arh\/index.php\/wp-json\/wp\/v2\/pages\/412\/revisions\/426"}],"wp:attachment":[{"href":"https:\/\/www.arhavitso.org.tr\/arh\/index.php\/wp-json\/wp\/v2\/media?parent=412"}],"curies":[{"name":"wp","href":"https:\/\/api.w.org\/{rel}","templated":true}]}}