{"id":416,"date":"2023-03-28T09:16:06","date_gmt":"2023-03-28T06:16:06","guid":{"rendered":"https:\/\/www.arhavitso.org.tr\/arh\/?page_id=416"},"modified":"2026-04-01T14:33:02","modified_gmt":"2026-04-01T11:33:02","slug":"haber-bultenleri","status":"publish","type":"page","link":"https:\/\/www.arhavitso.org.tr\/arh\/index.php\/haber-bultenleri\/","title":{"rendered":"Haber B\u00fcltenleri"},"content":{"rendered":"\n<p class=\"has-large-font-size\">2026<\/p>\n\n\n\n<div class=\"wp-block-file\"><object class=\"wp-block-file__embed\" data=\"https:\/\/www.arhavitso.org.tr\/arh\/wp-content\/uploads\/2026\/04\/2026-ILK-CEYREK-RAPOR-ARHAVI-TSO.pdf\" type=\"application\/pdf\" style=\"width:100%;height:600px\" aria-label=\"2026-ILK-CEYREK-RAPOR-ARHAVI-TSO g\u00f6m\u00fcs\u00fc.\"><\/object><a id=\"wp-block-file--media-5ab36e5a-7beb-4cdf-8d9e-6870a53a12fd\" href=\"https:\/\/www.arhavitso.org.tr\/arh\/wp-content\/uploads\/2026\/04\/2026-ILK-CEYREK-RAPOR-ARHAVI-TSO.pdf\">2026-ILK-CEYREK-RAPOR-ARHAVI-TSO<\/a><\/div>\n\n\n\n<p class=\"has-large-font-size\">2025<\/p>\n\n\n\n<div class=\"wp-block-file\"><a id=\"wp-block-file--media-5ba4e2a9-871a-4172-b459-7a33371cad1a\" href=\"https:\/\/www.arhavitso.org.tr\/arh\/wp-content\/uploads\/2025\/02\/ARHAVI-TSO-OCAK-2025-BULTEN.pdf\"><mark style=\"background-color:rgba(0, 0, 0, 0)\" class=\"has-inline-color has-vivid-green-cyan-color\"><strong>ARHAVI-TSO-OCAK-2025-BULTEN<\/strong><\/mark><br><\/a><\/div>\n\n\n\n<div class=\"wp-block-file\"><a id=\"wp-block-file--media-5b7b0d26-ac6f-4392-8fde-4115bff3b5f3\" href=\"https:\/\/www.arhavitso.org.tr\/arh\/wp-content\/uploads\/2025\/04\/ARHAVI-TSO-BILGILENDIRME-BULTENI-SUBAT-2025.pdf\"><strong><mark style=\"background-color:rgba(0, 0, 0, 0)\" class=\"has-inline-color has-vivid-green-cyan-color\">ARHAVI-TSO-BILGILENDIRME-BULTENI-SUBAT-2025<\/mark><\/strong><\/a><\/div>\n\n\n\n<div class=\"wp-block-file\"><a id=\"wp-block-file--media-a5fe5d3f-202b-4d5f-9b52-2a911f041818\" href=\"https:\/\/www.arhavitso.org.tr\/arh\/wp-content\/uploads\/2025\/04\/ARHAVI-TSO-BILGILENDIRME-BULTENI-SUBAT-2025-1.pdf\"><strong><mark style=\"background-color:rgba(0, 0, 0, 0)\" class=\"has-inline-color has-vivid-green-cyan-color\">ARHAVI<\/mark><\/strong>&#8211;<strong><mark style=\"background-color:rgba(0, 0, 0, 0)\" class=\"has-inline-color has-vivid-green-cyan-color\">TSO<\/mark><\/strong>&#8211;<strong><mark style=\"background-color:rgba(0, 0, 0, 0)\" class=\"has-inline-color has-vivid-green-cyan-color\">BILGILENDIRME<\/mark><\/strong>&#8211;<strong><mark style=\"background-color:rgba(0, 0, 0, 0)\" class=\"has-inline-color has-vivid-green-cyan-color\">BULTENI<\/mark><\/strong>&#8211;<strong><mark style=\"background-color:rgba(0, 0, 0, 0)\" class=\"has-inline-color has-vivid-green-cyan-color\">SUBAT<\/mark><\/strong>&#8211;<strong><mark style=\"background-color:rgba(0, 0, 0, 0)\" class=\"has-inline-color has-vivid-green-cyan-color\">2025<\/mark><\/strong>-1<\/a><\/div>\n\n\n\n<p class=\"has-large-font-size\">2024<\/p>\n\n\n\n<div class=\"wp-block-file\"><a id=\"wp-block-file--media-cac05449-442a-4ad9-ab92-067dedbf1da5\" href=\"https:\/\/www.arhavitso.org.tr\/arh\/wp-content\/uploads\/2024\/02\/ARHAVI-TSO-BILGILENDIRME-BULTENI-OCAK-2024.pdf\"><mark style=\"background-color:rgba(0, 0, 0, 0)\" class=\"has-inline-color has-vivid-green-cyan-color\"><strong>ARHAVI-TSO-BILGILENDIRME-BULTENI-OCAK-2024<\/strong><\/mark><\/a><\/div>\n\n\n\n<div class=\"wp-block-file\"><a id=\"wp-block-file--media-a70e44dd-6ba7-447e-8449-fef36aad658a\" href=\"https:\/\/www.arhavitso.org.tr\/arh\/wp-content\/uploads\/2024\/03\/ARHAVI-TSO-BILGILENDIRME-BULTENI-SUBAT-2024.pdf\"><strong><mark style=\"background-color:rgba(0, 0, 0, 0)\" class=\"has-inline-color has-vivid-green-cyan-color\">ARHAVI-TSO-BILGILENDIRME-BULTENI-SUBAT-2024<\/mark><\/strong><\/a><\/div>\n\n\n\n<div class=\"wp-block-file\"><a id=\"wp-block-file--media-c9ea92ee-e02d-4ef4-97ec-3484723f4b8e\" href=\"https:\/\/www.arhavitso.org.tr\/arh\/wp-content\/uploads\/2024\/04\/ARHAVI-TSO-BILGILENDIRME-BULTENI-MART-2024.pdf\"><mark style=\"background-color:rgba(0, 0, 0, 0)\" class=\"has-inline-color has-vivid-green-cyan-color\"><strong>ARHAVI-TSO-BILGILENDIRME-BULTENI-MART-2024<\/strong><\/mark><\/a><\/div>\n\n\n\n<div class=\"wp-block-file\"><a id=\"wp-block-file--media-0b3356bc-92eb-4e49-af6d-76e07de3cac5\" href=\"https:\/\/www.arhavitso.org.tr\/arh\/wp-content\/uploads\/2024\/05\/ARHAVI-TSO-BILGILENDIRME-BULTENI-NISAN-2024-1.pdf\"><strong><mark style=\"background-color:rgba(0, 0, 0, 0)\" class=\"has-inline-color has-vivid-green-cyan-color\">ARHAVI-TSO-BILGILENDIRME-BULTENI-NISAN-2024<\/mark><\/strong><br><\/a><\/div>\n\n\n\n<div class=\"wp-block-file\"><a id=\"wp-block-file--media-4da7486b-193e-4d43-8fa0-eec5fab160da\" href=\"https:\/\/www.arhavitso.org.tr\/arh\/wp-content\/uploads\/2024\/08\/ARHAVI-TSO-BILGILENDIRME-BULTENI-2.-CEYREK-2024-.pdf\"><strong><mark style=\"background-color:rgba(0, 0, 0, 0)\" class=\"has-inline-color has-vivid-green-cyan-color\">ARHAVI-TSO-BILGILENDIRME-BULTENI-2.-CEYREK-2024-<\/mark><\/strong><\/a><\/div>\n\n\n\n<p class=\"has-large-font-size\">2023<\/p>\n\n\n\n<div class=\"wp-block-file\"><a id=\"wp-block-file--media-c19a1502-70af-46ed-9ea2-6213251c8278\" href=\"https:\/\/www.arhavitso.org.tr\/arh\/wp-content\/uploads\/2023\/03\/ARHAVI-TSO-BILGILENDIRME-BULTENI-OCAK-2023-1.pdf\"><strong><mark style=\"background-color:rgba(0, 0, 0, 0)\" class=\"has-inline-color has-vivid-green-cyan-color\">ARHAVI-TSO-BILGILENDIRME-BULTENI-OCAK-2023-1<\/mark><\/strong><\/a><\/div>\n\n\n\n<div class=\"wp-block-file\"><a id=\"wp-block-file--media-c2ac6758-c12b-4a12-a9d9-c8119f95a830\" href=\"https:\/\/www.arhavitso.org.tr\/arh\/wp-content\/uploads\/2023\/03\/ARHAVI-TSO-BILGILENDIRME-BULTENI-SUBAT-2023.pdf\"><strong><mark style=\"background-color:rgba(0, 0, 0, 0)\" class=\"has-inline-color has-vivid-green-cyan-color\">ARHAVI-TSO-BILGILENDIRME-BULTENI-SUBAT-2023<\/mark><\/strong><\/a><\/div>\n\n\n\n<div class=\"wp-block-file\"><a id=\"wp-block-file--media-4009350b-aaa5-4f1f-99b9-fb318a1ea6bd\" href=\"https:\/\/www.arhavitso.org.tr\/arh\/wp-content\/uploads\/2023\/04\/ARHAVI-TSO-BILGILENDIRME-BULTENI-MART-2023.pdf\"><strong><mark style=\"background-color:rgba(0, 0, 0, 0)\" class=\"has-inline-color has-vivid-green-cyan-color\">ARHAVI-TSO-BILGILENDIRME-BULTENI-MART-2023<\/mark><\/strong><\/a><\/div>\n\n\n\n<div class=\"wp-block-file\"><a id=\"wp-block-file--media-fdc4a481-93f2-4654-94e2-0b4145c97489\" href=\"https:\/\/www.arhavitso.org.tr\/arh\/wp-content\/uploads\/2023\/05\/ARHAVI-TSO-BILGILENDIRME-BULTENI-NISAN-2023-.pdf\"><mark style=\"background-color:rgba(0, 0, 0, 0)\" class=\"has-inline-color has-vivid-green-cyan-color\"><strong>ARHAVI-TSO-BILGILENDIRME-BULTENI-NISAN-2023-<\/strong><\/mark><\/a><\/div>\n\n\n\n<div class=\"wp-block-file\"><a id=\"wp-block-file--media-cc6069f4-c7ad-49d0-8561-d8ea12a94330\" href=\"https:\/\/www.arhavitso.org.tr\/arh\/wp-content\/uploads\/2023\/06\/ARHAVI-TSO-BILGILENDIRME-BULTENI-MAYIS-2023.pdf\"><strong><mark style=\"background-color:rgba(0, 0, 0, 0)\" class=\"has-inline-color has-vivid-green-cyan-color\">ARHAVI-TSO-BILGILENDIRME-BULTENI-MAYIS-2023<\/mark><\/strong><\/a><\/div>\n\n\n\n<div class=\"wp-block-file\"><a id=\"wp-block-file--media-52545bc0-8562-4950-b060-f361a4c82cb9\" href=\"https:\/\/www.arhavitso.org.tr\/arh\/wp-content\/uploads\/2023\/07\/ARHAVI-TSO-BILGILENDIRME-BULTENI-HAZIRAN-2023-.pdf\"><strong><mark style=\"background-color:rgba(0, 0, 0, 0)\" class=\"has-inline-color has-vivid-green-cyan-color\">ARHAVI-TSO-BILGILENDIRME-BULTENI-HAZIRAN-2023-<\/mark><\/strong><\/a><\/div>\n\n\n\n<div class=\"wp-block-file\"><a id=\"wp-block-file--media-fcd63703-71e7-443b-b3c1-f959be56abd9\" href=\"https:\/\/www.arhavitso.org.tr\/arh\/wp-content\/uploads\/2023\/09\/ARHAVI-TSO-BILGILENDIRME-BULTENI-TEMMUZ-VE-AGUSTOS-2023.pdf\"><mark style=\"background-color:rgba(0, 0, 0, 0)\" class=\"has-inline-color has-vivid-green-cyan-color\"><strong>ARHAVI-TSO-BILGILENDIRME-BULTENI-TEMMUZ-VE-AGUSTOS-2023<\/strong><\/mark><\/a><\/div>\n\n\n\n<div class=\"wp-block-file\"><a id=\"wp-block-file--media-7e941772-8983-468d-a548-29554c4806ce\" href=\"https:\/\/www.arhavitso.org.tr\/arh\/wp-content\/uploads\/2023\/10\/ARHAVI-TSO-BILGILENDIRME-BULTENI-EYLUL-2023.pdf\"><mark style=\"background-color:rgba(0, 0, 0, 0)\" class=\"has-inline-color has-vivid-green-cyan-color\"><strong>ARHAVI-TSO-BILGILENDIRME-BULTENI-EYLUL-2023<\/strong><\/mark><\/a><\/div>\n\n\n\n<div class=\"wp-block-file\"><a id=\"wp-block-file--media-1f841c5f-39bb-4c0a-b70c-45d978e4d876\" href=\"https:\/\/www.arhavitso.org.tr\/arh\/wp-content\/uploads\/2023\/11\/ARHAVI-TSO-BILGILENDIRME-BULTENI-EKIM-2023.pdf\"><strong><mark style=\"background-color:rgba(0, 0, 0, 0)\" class=\"has-inline-color has-vivid-green-cyan-color\">ARHAVI-TSO-BILGILENDIRME-BULTENI-EKIM-2023<\/mark><\/strong><\/a><\/div>\n\n\n\n<div class=\"wp-block-file\"><a id=\"wp-block-file--media-9cf47290-5efc-4562-ab86-e8e378b739ff\" href=\"https:\/\/www.arhavitso.org.tr\/arh\/wp-content\/uploads\/2023\/12\/ARHAVI-TSO-BILGILENDIRME-BULTENI-KASIM-2023-.pdf\"><mark style=\"background-color:rgba(0, 0, 0, 0)\" class=\"has-inline-color has-vivid-green-cyan-color\"><strong>ARHAVI-TSO-BILGILENDIRME-BULTENI-KASIM-2023-<\/strong><\/mark><\/a><\/div>\n","protected":false},"excerpt":{"rendered":"<p>2026 2025 2024 2023<\/p>\n","protected":false},"author":2,"featured_media":0,"parent":0,"menu_order":0,"comment_status":"closed","ping_status":"closed","template":"","meta":[],"_links":{"self":[{"href":"https:\/\/www.arhavitso.org.tr\/arh\/index.php\/wp-json\/wp\/v2\/pages\/416"}],"collection":[{"href":"https:\/\/www.arhavitso.org.tr\/arh\/index.php\/wp-json\/wp\/v2\/pages"}],"about":[{"href":"https:\/\/www.arhavitso.org.tr\/arh\/index.php\/wp-json\/wp\/v2\/types\/page"}],"author":[{"embeddable":true,"href":"https:\/\/www.arhavitso.org.tr\/arh\/index.php\/wp-json\/wp\/v2\/users\/2"}],"replies":[{"embeddable":true,"href":"https:\/\/www.arhavitso.org.tr\/arh\/index.php\/wp-json\/wp\/v2\/comments?post=416"}],"version-history":[{"count":26,"href":"https:\/\/www.arhavitso.org.tr\/arh\/index.php\/wp-json\/wp\/v2\/pages\/416\/revisions"}],"predecessor-version":[{"id":2444,"href":"https:\/\/www.arhavitso.org.tr\/arh\/index.php\/wp-json\/wp\/v2\/pages\/416\/revisions\/2444"}],"wp:attachment":[{"href":"https:\/\/www.arhavitso.org.tr\/arh\/index.php\/wp-json\/wp\/v2\/media?parent=416"}],"curies":[{"name":"wp","href":"https:\/\/api.w.org\/{rel}","templated":true}]}}